{"id":15,"date":"2025-07-02T18:18:30","date_gmt":"2025-07-02T16:18:30","guid":{"rendered":"https:\/\/otto-maeckel.de\/?page_id=15"},"modified":"2025-07-02T18:18:32","modified_gmt":"2025-07-02T16:18:32","slug":"home","status":"publish","type":"page","link":"https:\/\/otto-maeckel.de\/en\/","title":{"rendered":"Home"},"content":{"rendered":"<p>[et_pb_section fb_built=&#8220;1&#8243; module_id=&#8220;photos&#8220; _builder_version=&#8220;4.22.1&#8243; background_color=&#8220;#a5a5a5&#8243; transparent_background=&#8220;off&#8220; global_colors_info=&#8220;{}&#8220; _module_preset=&#8220;default&#8220; theme_builder_area=&#8220;post_content&#8220;][et_pb_row _builder_version=&#8220;4.22.1&#8243; background_size=&#8220;initial&#8220; background_position=&#8220;top_left&#8220; background_repeat=&#8220;repeat&#8220; global_colors_info=&#8220;{}&#8220; _module_preset=&#8220;default&#8220; theme_builder_area=&#8220;post_content&#8220;][et_pb_column type=&#8220;4_4&#8243; _builder_version=&#8220;4.16&#8243; custom_padding=&#8220;|||&#8220; global_colors_info=&#8220;{}&#8220; custom_padding__hover=&#8220;|||&#8220; _module_preset=&#8220;default&#8220; theme_builder_area=&#8220;post_content&#8220;][et_pb_text admin_label=&#8220;Text&#8220; _builder_version=&#8220;4.22.1&#8243; header_2_font=&#8220;Arial||||||||&#8220; header_2_font_size=&#8220;36px&#8220; background_size=&#8220;initial&#8220; background_position=&#8220;top_left&#8220; background_repeat=&#8220;repeat&#8220; text_orientation=&#8220;center&#8220; background_layout=&#8220;dark&#8220; module_alignment=&#8220;center&#8220; border_radii=&#8220;on|5px|5px|5px|5px&#8220; border_width_all=&#8220;1px&#8220; border_color_all=&#8220;#FFFFFF&#8220; global_colors_info=&#8220;{}&#8220; _module_preset=&#8220;default&#8220; theme_builder_area=&#8220;post_content&#8220;]<\/p>\n<h2 style=\"text-align: center;\">Herzlich Willkommen!<\/h2>\n<h2 style=\"text-align: center;\">Otto M\u00e4ckel<\/h2>\n<h2 style=\"text-align: center;\">Spitzenpapier und Pr\u00e4geanstalt (seit 1872)<\/h2>\n<p>[\/et_pb_text][\/et_pb_column][\/et_pb_row][\/et_pb_section][et_pb_section fb_built=&#8220;1&#8243; module_id=&#8220;photos&#8220; _builder_version=&#8220;4.22.1&#8243; background_color=&#8220;#303150&#8243; transparent_background=&#8220;off&#8220; global_colors_info=&#8220;{}&#8220; _module_preset=&#8220;default&#8220; theme_builder_area=&#8220;post_content&#8220;][et_pb_row _builder_version=&#8220;4.22.1&#8243; background_size=&#8220;initial&#8220; background_position=&#8220;top_left&#8220; background_repeat=&#8220;repeat&#8220; global_colors_info=&#8220;{}&#8220; _module_preset=&#8220;default&#8220; theme_builder_area=&#8220;post_content&#8220;][et_pb_column type=&#8220;4_4&#8243; _builder_version=&#8220;4.16&#8243; custom_padding=&#8220;|||&#8220; global_colors_info=&#8220;{}&#8220; custom_padding__hover=&#8220;|||&#8220; _module_preset=&#8220;default&#8220; theme_builder_area=&#8220;post_content&#8220;][et_pb_image src=&#8220;https:\/\/otto-maeckel.de\/wp-content\/uploads\/2025\/07\/Sterne-quer.jpg&#8220; title_text=&#8220;Sterne quer&#8220; _builder_version=&#8220;4.22.1&#8243; _module_preset=&#8220;default&#8220; global_colors_info=&#8220;{}&#8220; theme_builder_area=&#8220;post_content&#8220;][\/et_pb_image][et_pb_divider color=&#8220;#FFFFFF&#8220; _builder_version=&#8220;4.22.1&#8243; _module_preset=&#8220;default&#8220; global_colors_info=&#8220;{}&#8220; theme_builder_area=&#8220;post_content&#8220;][\/et_pb_divider][\/et_pb_column][\/et_pb_row][et_pb_row column_structure=&#8220;1_3,2_3&#8243; _builder_version=&#8220;4.22.1&#8243; _module_preset=&#8220;default&#8220; global_colors_info=&#8220;{}&#8220; theme_builder_area=&#8220;post_content&#8220;][et_pb_column type=&#8220;1_3&#8243; _builder_version=&#8220;4.22.1&#8243; _module_preset=&#8220;default&#8220; global_colors_info=&#8220;{}&#8220; theme_builder_area=&#8220;post_content&#8220;][et_pb_text _builder_version=&#8220;4.22.1&#8243; _module_preset=&#8220;default&#8220; text_font=&#8220;||||||||&#8220; text_text_color=&#8220;#FFFFFF&#8220; background_layout=&#8220;dark&#8220; global_colors_info=&#8220;{}&#8220; theme_builder_area=&#8220;post_content&#8220;]<\/p>\n<h2>OTTO M\u00c4CKEL<\/h2>\n<h3>Spitzenpapier und Pr\u00e4geanstalt<\/h3>\n<p>[\/et_pb_text][\/et_pb_column][et_pb_column type=&#8220;2_3&#8243; _builder_version=&#8220;4.22.1&#8243; _module_preset=&#8220;default&#8220; global_colors_info=&#8220;{}&#8220; theme_builder_area=&#8220;post_content&#8220;][et_pb_text _builder_version=&#8220;4.22.1&#8243; _module_preset=&#8220;default&#8220; text_font=&#8220;Arial||||||||&#8220; text_text_color=&#8220;#FFFFFF&#8220; header_text_color=&#8220;#FFFFFF&#8220; header_4_font=&#8220;Arial||||||||&#8220; header_4_text_color=&#8220;#FFFFFF&#8220; custom_margin=&#8220;|-140px|||false|false&#8220; custom_margin_tablet=&#8220;|0px||0px|false|true&#8220; custom_margin_phone=&#8220;|0px||0px|false|true&#8220; custom_margin_last_edited=&#8220;on|desktop&#8220; global_colors_info=&#8220;{}&#8220; theme_builder_area=&#8220;post_content&#8220;]<\/p>\n<div class=\"et_pb_column et_pb_column_3_5 et_pb_column_3  et_pb_css_mix_blend_mode_passthrough et-last-child\">\n<div class=\"et_pb_module et_pb_text et_pb_text_2  et_pb_text_align_left et_pb_bg_layout_light\">\n<div class=\"et_pb_text_inner\">\n<div class=\"mbr-section-text mbr-white pb-3 \">\n<h4 class=\"mbr-text mbr-fonts-style display-5\">Die Firma OTTO M\u00c4CKEL, Spitzenpapierfabrik, wurde im Jahre 1872<br \/>aufgrund der enormen Nachfrage von gestanzten und gepr\u00e4gten<br \/>Papierartikeln von Herrn Otto M\u00e4ckel selbst, in Burgst\u00e4dt gegr\u00fcndet.<\/h4>\n<h4>Jetziger Inhaber der Firma Otto M\u00e4ckel ist Herr Gottfried Pfeiffer jun.<\/h4>\n<\/div>\n<\/div>\n<\/div>\n<\/div>\n<p>[\/et_pb_text][\/et_pb_column][\/et_pb_row][et_pb_row _builder_version=&#8220;4.22.1&#8243; _module_preset=&#8220;default&#8220; global_colors_info=&#8220;{}&#8220; theme_builder_area=&#8220;post_content&#8220;][et_pb_column type=&#8220;4_4&#8243; _builder_version=&#8220;4.22.1&#8243; _module_preset=&#8220;default&#8220; global_colors_info=&#8220;{}&#8220; theme_builder_area=&#8220;post_content&#8220;][et_pb_divider color=&#8220;#FFFFFF&#8220; _builder_version=&#8220;4.22.1&#8243; _module_preset=&#8220;default&#8220; global_colors_info=&#8220;{}&#8220; theme_builder_area=&#8220;post_content&#8220;][\/et_pb_divider][et_pb_image src=&#8220;https:\/\/otto-maeckel.de\/wp-content\/uploads\/2025\/07\/Fluegel-quer.jpg&#8220; title_text=&#8220;Fl\u00fcgel quer&#8220; _builder_version=&#8220;4.22.1&#8243; _module_preset=&#8220;default&#8220; global_colors_info=&#8220;{}&#8220; theme_builder_area=&#8220;post_content&#8220;][\/et_pb_image][\/et_pb_column][\/et_pb_row][et_pb_row _builder_version=&#8220;4.22.1&#8243; _module_preset=&#8220;default&#8220; global_colors_info=&#8220;{}&#8220; theme_builder_area=&#8220;post_content&#8220;][et_pb_column type=&#8220;4_4&#8243; _builder_version=&#8220;4.22.1&#8243; _module_preset=&#8220;default&#8220; global_colors_info=&#8220;{}&#8220; theme_builder_area=&#8220;post_content&#8220;][et_pb_divider color=&#8220;#FFFFFF&#8220; _builder_version=&#8220;4.22.1&#8243; _module_preset=&#8220;default&#8220; global_colors_info=&#8220;{}&#8220; theme_builder_area=&#8220;post_content&#8220;][\/et_pb_divider][et_pb_text _builder_version=&#8220;4.22.1&#8243; _module_preset=&#8220;default&#8220; header_4_font=&#8220;Arial||||||||&#8220; header_4_text_color=&#8220;#FFFFFF&#8220; header_5_text_color=&#8220;#FFFFFF&#8220; global_colors_info=&#8220;{}&#8220; theme_builder_area=&#8220;post_content&#8220;]<\/p>\n<h4 style=\"text-align: center;\">Seit 1872 fertigen wir eine Vielzahl von Papierartikeln zum gr\u00f6\u00dften Teil noch auf Maschinen aus der Gr\u00fcnderzeit.<\/h4>\n<p>[\/et_pb_text][et_pb_divider color=&#8220;#FFFFFF&#8220; _builder_version=&#8220;4.22.1&#8243; _module_preset=&#8220;default&#8220; global_colors_info=&#8220;{}&#8220; theme_builder_area=&#8220;post_content&#8220;][\/et_pb_divider][et_pb_image src=&#8220;https:\/\/otto-maeckel.de\/wp-content\/uploads\/2025\/07\/Berta-Farbe-pur.jpg&#8220; title_text=&#8220;Berta Farbe pur&#8220; _builder_version=&#8220;4.22.1&#8243; _module_preset=&#8220;default&#8220; global_colors_info=&#8220;{}&#8220; theme_builder_area=&#8220;post_content&#8220;][\/et_pb_image][et_pb_divider color=&#8220;#FFFFFF&#8220; _builder_version=&#8220;4.22.1&#8243; _module_preset=&#8220;default&#8220; global_colors_info=&#8220;{}&#8220; theme_builder_area=&#8220;post_content&#8220;][\/et_pb_divider][et_pb_text _builder_version=&#8220;4.22.1&#8243; _module_preset=&#8220;default&#8220; header_4_font=&#8220;Arial||||||||&#8220; header_4_text_color=&#8220;#FFFFFF&#8220; header_5_text_color=&#8220;#FFFFFF&#8220; global_colors_info=&#8220;{}&#8220; theme_builder_area=&#8220;post_content&#8220;]<\/p>\n<h4 style=\"text-align: center;\">Otto M\u00e4ckel * Spitzenpapier und Pr\u00e4geanstalt * Qualit\u00e4t seit 1872<\/h4>\n<p>[\/et_pb_text][\/et_pb_column][\/et_pb_row][\/et_pb_section]<\/p>\n","protected":false},"excerpt":{"rendered":"<p>Herzlich Willkommen! Otto M\u00e4ckel Spitzenpapier und Pr\u00e4geanstalt (seit 1872)OTTO M\u00c4CKEL Spitzenpapier und Pr\u00e4geanstalt Die Firma OTTO M\u00c4CKEL, Spitzenpapierfabrik, wurde im Jahre 1872aufgrund der enormen Nachfrage von gestanzten und gepr\u00e4gtenPapierartikeln von Herrn Otto M\u00e4ckel selbst, in Burgst\u00e4dt gegr\u00fcndet. Jetziger Inhaber der Firma Otto M\u00e4ckel ist Herr Gottfried Pfeiffer jun. Seit 1872 fertigen wir eine Vielzahl von [&hellip;]<\/p>\n","protected":false},"author":1,"featured_media":0,"parent":0,"menu_order":0,"comment_status":"closed","ping_status":"closed","template":"","meta":{"_et_pb_use_builder":"on","_et_pb_old_content":"","_et_gb_content_width":"","footnotes":""},"class_list":["post-15","page","type-page","status-publish","hentry"],"_links":{"self":[{"href":"https:\/\/otto-maeckel.de\/en\/wp-json\/wp\/v2\/pages\/15","targetHints":{"allow":["GET"]}}],"collection":[{"href":"https:\/\/otto-maeckel.de\/en\/wp-json\/wp\/v2\/pages"}],"about":[{"href":"https:\/\/otto-maeckel.de\/en\/wp-json\/wp\/v2\/types\/page"}],"author":[{"embeddable":true,"href":"https:\/\/otto-maeckel.de\/en\/wp-json\/wp\/v2\/users\/1"}],"replies":[{"embeddable":true,"href":"https:\/\/otto-maeckel.de\/en\/wp-json\/wp\/v2\/comments?post=15"}],"version-history":[{"count":2,"href":"https:\/\/otto-maeckel.de\/en\/wp-json\/wp\/v2\/pages\/15\/revisions"}],"predecessor-version":[{"id":21,"href":"https:\/\/otto-maeckel.de\/en\/wp-json\/wp\/v2\/pages\/15\/revisions\/21"}],"wp:attachment":[{"href":"https:\/\/otto-maeckel.de\/en\/wp-json\/wp\/v2\/media?parent=15"}],"curies":[{"name":"wp","href":"https:\/\/api.w.org\/{rel}","templated":true}]}}